{"id":168,"date":"2024-05-06T21:18:10","date_gmt":"2024-05-06T21:18:10","guid":{"rendered":"https:\/\/publicable.cl\/?page_id=168"},"modified":"2024-05-06T21:18:10","modified_gmt":"2024-05-06T21:18:10","slug":"aporte","status":"publish","type":"page","link":"https:\/\/publicable.cl\/index.php\/aporte\/","title":{"rendered":"APORTE"},"content":{"rendered":"<div id=\"dslc-content\" class=\"dslc-content dslc-clearfix\"><div id=\"dslc-header\" class=\"dslc-header-pos-relative \" data-hf >\r\n\t\t<div  class=\"dslc-modules-section \" style=\"padding-bottom:0px;padding-top:0px;background-color:rgba(255,255,255,0);background-image:url(https:\/\/publicable.cl\/wp-content\/uploads\/2024\/05\/banner-6.jpg);background-repeat:no-repeat;background-position:center center;background-size:cover;border-color:#0ba8c0;border-width:7px;border-right-style: hidden; border-bottom-style: hidden; border-left-style: hidden; \" data-section-id=\"26eb5672cd8\">\r\n\t\t\t\t\r\n\t\t\t\t\r\n\t\t\t\t<div class=\"dslc-modules-section-wrapper dslc-clearfix\"><div class=\"dslc-modules-area dslc-col dslc-6-col dslc-first-col dslc-valign- \" data-size=\"6\" data-valign=\"\">\r\n\t\t<div id=\"dslc-module-ed1a639262b\" class=\"dslc-module-front dslc-module-DSLC_Separator dslc-in-viewport-check dslc-in-viewport-anim-none  dslc-col dslc-12-col dslc-last-col  dslc-module-handle-like-regular \" data-module-id=\"ed1a639262b\" data-module=\"DSLC_Separator\" data-dslc-module-size=\"12\" data-dslc-anim=\"none\" data-dslc-anim-delay=\"0\" data-dslc-anim-duration=\"650\"  data-dslc-anim-easing=\"ease\" data-dslc-preset=\"none\" >\r\n\r\n\t\t\t\r\n\t\t\t\r\n\t\t\t\t\t<div class=\"dslc-separator-wrapper\">\r\n\t\t\t\t<div class=\"dslc-separator dslc-separator-style-invisible\">\r\n\t\t\t\t\t\t\t\t\t<\/div>\r\n\t\t\t\t<div><\/div>\r\n\t\t\t<\/div><!-- .dslc-separator-wrapper -->\r\n\t\t\t\r\n\t\t\t\t<\/div><!-- .dslc-module -->\r\n\t\t<\/div><div class=\"dslc-modules-area dslc-col dslc-6-col dslc-last-col dslc-valign- \" data-size=\"6\" data-valign=\"\">\r\n\t\t<div id=\"dslc-module-12\" class=\"dslc-module-front dslc-module-DSLC_Separator dslc-in-viewport-check dslc-in-viewport-anim-none  dslc-col dslc-12-col dslc-last-col dslc-hide-on-phone  dslc-module-handle-like-regular \" data-module-id=\"12\" data-module=\"DSLC_Separator\" data-dslc-module-size=\"12\" data-dslc-anim=\"none\" data-dslc-anim-delay=\"\" data-dslc-anim-duration=\"650\"  data-dslc-anim-easing=\"ease\" data-dslc-preset=\"none\" >\r\n\r\n\t\t\t\r\n\t\t\t\r\n\t\t\t\t\t<div class=\"dslc-separator-wrapper\">\r\n\t\t\t\t<div class=\"dslc-separator dslc-separator-style-invisible\">\r\n\t\t\t\t\t\t\t\t\t<\/div>\r\n\t\t\t\t<div><\/div>\r\n\t\t\t<\/div><!-- .dslc-separator-wrapper -->\r\n\t\t\t\r\n\t\t\t\t<\/div><!-- .dslc-module -->\r\n\t\t\r\n\t\t<div id=\"dslc-module-890e2fc7e22\" class=\"dslc-module-front dslc-module-DSLC_Separator dslc-in-viewport-check dslc-in-viewport-anim-none  dslc-col dslc-12-col dslc-last-col  dslc-module-handle-like-regular \" data-module-id=\"890e2fc7e22\" data-module=\"DSLC_Separator\" data-dslc-module-size=\"12\" data-dslc-anim=\"none\" data-dslc-anim-delay=\"\" data-dslc-anim-duration=\"650\"  data-dslc-anim-easing=\"ease\" data-dslc-preset=\"none\" >\r\n\r\n\t\t\t\r\n\t\t\t\r\n\t\t\t\t\t<div class=\"dslc-separator-wrapper\">\r\n\t\t\t\t<div class=\"dslc-separator dslc-separator-style-invisible\">\r\n\t\t\t\t\t\t\t\t\t<\/div>\r\n\t\t\t\t<div><\/div>\r\n\t\t\t<\/div><!-- .dslc-separator-wrapper -->\r\n\t\t\t\r\n\t\t\t\t<\/div><!-- .dslc-module -->\r\n\t\t\r\n\t\t<div id=\"dslc-module-13\" class=\"dslc-module-front dslc-module-DSLC_Navigation dslc-in-viewport-check dslc-in-viewport-anim-none  dslc-col dslc-12-col dslc-last-col  dslc-module-handle-like-regular \" data-module-id=\"13\" data-module=\"DSLC_Navigation\" data-dslc-module-size=\"12\" data-dslc-anim=\"none\" data-dslc-anim-delay=\"0\" data-dslc-anim-duration=\"650\"  data-dslc-anim-easing=\"default\" data-dslc-preset=\"none\" >\r\n\r\n\t\t\t\r\n\t\t\t\r\n\t\t\t\t\t<div class=\"dslc-navigation dslc-navigation-sub-position-default dslc-navigation-res-t-enabled dslc-navigation-res-p-enabled dslc-navigation-orientation-horizontal\">\r\n\t\t\t\t<div class=\"dslc-navigation-inner\">\r\n\t\t\t\t\t<div class=\"menu-seccion-container\"><ul id=\"menu-seccion\" class=\"menu\"><li id=\"menu-item-165\" class=\"menu-item menu-item-type-post_type menu-item-object-page menu-item-165\"><a href=\"https:\/\/publicable.cl\/index.php\/pubicable-medios\/\">PUBLICABLE MEDIOS<\/a><\/li>\n<li id=\"menu-item-180\" class=\"menu-item menu-item-type-post_type menu-item-object-page menu-item-180\"><a href=\"https:\/\/publicable.cl\/index.php\/agencia-2\/\">QUIENES SOMOS<\/a><\/li>\n<li id=\"menu-item-181\" class=\"menu-item menu-item-type-post_type menu-item-object-page current-menu-item page_item page-item-168 current_page_item menu-item-181\"><a href=\"https:\/\/publicable.cl\/index.php\/aporte\/\" aria-current=\"page\">APORTE A LA INFORMACI\u00d3N<\/a><\/li>\n<li id=\"menu-item-183\" class=\"menu-item menu-item-type-post_type menu-item-object-page menu-item-183\"><a href=\"https:\/\/publicable.cl\/index.php\/agencia\/\">AGENCIA<\/a><\/li>\n<\/ul><\/div>\r\n\t\t\t\t\t\t\t\t\t<\/div>\r\n\t\t\t<\/div>\r\n\t\t\t<div class=\"dslc-mobile-navigation dslc-navigation-res-t-enabled  dslc-navigation-res-p-enabled\">\r\n\t\t\t\t<select><option>- Seleccionar -<\/option><option value=\"https:\/\/publicable.cl\/index.php\/pubicable-medios\/\" >PUBLICABLE MEDIOS<\/option><option value=\"https:\/\/publicable.cl\/index.php\/agencia-2\/\" >QUIENES SOMOS<\/option><option value=\"https:\/\/publicable.cl\/index.php\/aporte\/\" >APORTE A LA INFORMACI\u00d3N<\/option><option value=\"https:\/\/publicable.cl\/index.php\/agencia\/\" >AGENCIA<\/option><\/select>\r\n\t\t\t\t<div class=\"dslc-mobile-navigation-hook\"><span class=\"dslc-icon dslc-icon-reorder\"><\/span><\/div>\r\n\t\t\t<\/div><!-- .dslc-mobile-navigation -->\r\n\r\n\t\t\t\r\n\t\t\t<script type=\"text\/javascript\">\r\n\t\t\t\tvar menuItems = document.querySelectorAll( '.dslc-navigation .menu > li.menu-item-has-children:not(.menu-with-arrow) > a' );\r\n\r\n\t\t\t\tfor (var i = 0, len = menuItems.length; i < len; i++) {\r\n\t\t\t\t  menuItems[i].insertAdjacentHTML('afterend', '<span class=\"dslc-navigation-arrow dslc-icon dslc-icon-chevron-down\"><\/span>');\r\n\t\t\t\t  menuItems[i].parentElement.className += \" menu-with-arrow\";\r\n\t\t\t\t}\r\n\t\t\t<\/script>\r\n\t\t\t\r\n\t\t\t\t<\/div><!-- .dslc-module -->\r\n\t\t<\/div><\/div><\/div><\/div><div id=\"dslc-main\">\r\n\t\t<div  class=\"dslc-modules-section \" style=\"\" data-section-id=\"4e8690563e7\">\r\n\t\t\t\t\r\n\t\t\t\t\r\n\t\t\t\t<div class=\"dslc-modules-section-wrapper dslc-clearfix\"><div class=\"dslc-modules-area dslc-col dslc-12-col dslc-last-col dslc-valign- \" data-size=\"12\" data-valign=\"\">\r\n\t\t<div id=\"dslc-module-854df40e879\" class=\"dslc-module-front dslc-module-DSLC_Text_Simple dslc-in-viewport-check dslc-in-viewport-anim-none  dslc-col dslc-12-col dslc-last-col  dslc-module-handle-like-regular \" data-module-id=\"854df40e879\" data-module=\"DSLC_Text_Simple\" data-dslc-module-size=\"12\" data-dslc-anim=\"none\" data-dslc-anim-delay=\"\" data-dslc-anim-duration=\"650\"  data-dslc-anim-easing=\"ease\" data-dslc-preset=\"none\" >\r\n\r\n\t\t\t\r\n\t\t\t\r\n\t\t\r\n\t\t<div class=\"dslc-text-module-content\">\r\n\t\t\t<p class=\"aporte_titulo\">NUESTRO APORTE A LA INFORMACION<\/p><p class=\"aporte_texto\">Como empresa 100% Valdiviana, siempre hemos querido aportar a la informaci\u00f3n de nuestra ciudad con portales web innovadores y pioneros, es as\u00ed como en el a\u00f1o 2006 subimos a la red www.terminalvaldivia.cl siendo el primer sitio web de Chile en informar la salida y destino de buses a los usuarios y turistas, aportando a la informaci\u00f3n de nuestra ciudad en un rubro tan importante como es el turismo.<\/p>\t\t<\/div>\r\n\r\n\t\t\r\n\t\t\t\t<\/div><!-- .dslc-module -->\r\n\t\t\r\n\t\t<div id=\"dslc-module-76f2e688315\" class=\"dslc-module-front dslc-module-DSLC_TP_Gallery_Slider dslc-in-viewport-check dslc-in-viewport-anim-none  dslc-col dslc-12-col dslc-last-col  dslc-module-handle-like-regular \" data-module-id=\"76f2e688315\" data-module=\"DSLC_TP_Gallery_Slider\" data-dslc-module-size=\"12\" data-dslc-anim=\"none\" data-dslc-anim-delay=\"\" data-dslc-anim-duration=\"650\"  data-dslc-anim-easing=\"ease\" data-dslc-preset=\"none\" >\r\n\r\n\t\t\t\r\n\t\t\t\r\n\t\t\r\n\t\t\t<div class=\"dslc-tp-gallery-slider\">\r\n\r\n\t\t\t\t<div class=\"dslc-tp-gallery-slider-main\">\r\n\r\n\t\t\t\t\t<div class=\"dslc-loader\"><\/div>\r\n\r\n\t\t\t\t\t<div class=\"dslc-slider\"  data-animation=\"fade\" data-animation-speed=\"800\" data-autoplay=\"\" data-flexible-height=\"true\">\r\n\r\n\t\t\t\t\t\t<div class=\"dslc-slider-item\"><span class=\"dslc-caption\"><\/span><img class=\"\" src=\"https:\/\/publicable.cl\/wp-content\/uploads\/2024\/05\/webterminal.png\" alt=\"\" title=\"webterminal\" srcset=\"https:\/\/publicable.cl\/wp-content\/uploads\/2024\/05\/webterminal.png 1331w, https:\/\/publicable.cl\/wp-content\/uploads\/2024\/05\/webterminal-300x146.png 300w, https:\/\/publicable.cl\/wp-content\/uploads\/2024\/05\/webterminal-1024x499.png 1024w, https:\/\/publicable.cl\/wp-content\/uploads\/2024\/05\/webterminal-768x374.png 768w\" sizes=\"(max-width: 1331px) 100vw, 1331px\" \/><\/div>\r\n\t\t\t\t\t\t\t<\/div><!-- .dslc-slider -->\r\n\r\n\t\t\t\t\t\t\t\r\n\t\t\t\t\t\t<\/div><!-- .dslc-tp-gallery-slider-main -->\r\n\r\n\t\t\t\t\t<\/div><!-- .dslc-tp-gallery-slider -->\r\n\r\n\t\t\t\t\r\n\t\t\t\t<\/div><!-- .dslc-module -->\r\n\t\t<\/div><\/div><\/div>\r\n\t\t<div  class=\"dslc-modules-section \" style=\"\" data-section-id=\"4e8690563e7\">\r\n\t\t\t\t\r\n\t\t\t\t\r\n\t\t\t\t<div class=\"dslc-modules-section-wrapper dslc-clearfix\"><div class=\"dslc-modules-area dslc-col dslc-12-col dslc-last-col dslc-valign- \" data-size=\"12\" data-valign=\"\">\r\n\t\t<div id=\"dslc-module-ebf9060323d\" class=\"dslc-module-front dslc-module-DSLC_Text_Simple dslc-in-viewport-check dslc-in-viewport-anim-none  dslc-col dslc-12-col dslc-last-col  dslc-module-handle-like-regular \" data-module-id=\"ebf9060323d\" data-module=\"DSLC_Text_Simple\" data-dslc-module-size=\"12\" data-dslc-anim=\"none\" data-dslc-anim-delay=\"\" data-dslc-anim-duration=\"650\"  data-dslc-anim-easing=\"ease\" data-dslc-preset=\"none\" >\r\n\r\n\t\t\t\r\n\t\t\t\r\n\t\t\r\n\t\t<div class=\"dslc-text-module-content\">\r\n\t\t\t<p class=\"aporte_texto\">Otro aporte, tanto a valdivianos como a turistas, es el sitio web www.nochevaldiviana.cl que desde el a\u00f1o 2007 informa de este emblem\u00e1tico evento que nos caracteriza a nivel mundial. En sus inicios transmit\u00edamos en directo una se\u00f1al on line de la UACh, en donde valdivianos por todo el mundo lo sintonizaban.<\/p>\t\t<\/div>\r\n\r\n\t\t\r\n\t\t\t\t<\/div><!-- .dslc-module -->\r\n\t\t\r\n\t\t<div id=\"dslc-module-55a2f15df3a\" class=\"dslc-module-front dslc-module-DSLC_Image dslc-in-viewport-check dslc-in-viewport-anim-none  dslc-col dslc-12-col dslc-last-col  dslc-module-handle-like-regular \" data-module-id=\"55a2f15df3a\" data-module=\"DSLC_Image\" data-dslc-module-size=\"12\" data-dslc-anim=\"none\" data-dslc-anim-delay=\"\" data-dslc-anim-duration=\"650\"  data-dslc-anim-easing=\"ease\" data-dslc-preset=\"none\" >\r\n\r\n\t\t\t\r\n\t\t\t\r\n\t\t\t\t<div class=\"dslc-image-container\">\r\n\t\t<div class=\"dslc-image\">\r\n\r\n\t\t\t\r\n\t\t\t\t\r\n\t\t\t\t\t\t\t\t\t<img src=\"https:\/\/publicable.cl\/wp-content\/uploads\/2024\/05\/noche.png\" alt=\"\" title=\"\" srcset=\"https:\/\/publicable.cl\/wp-content\/uploads\/2024\/05\/noche.png 1322w, https:\/\/publicable.cl\/wp-content\/uploads\/2024\/05\/noche-300x143.png 300w, https:\/\/publicable.cl\/wp-content\/uploads\/2024\/05\/noche-1024x487.png 1024w, https:\/\/publicable.cl\/wp-content\/uploads\/2024\/05\/noche-768x365.png 768w\" sizes=\"(max-width: 1322px) 100vw, 1322px\" \/>\r\n\t\t\t\t\r\n\t\t\t\t\t\t\t\t\t<\/div><!-- .dslc-image -->\r\n\t\t<\/div>\r\n\t\t\r\n\t\t\t\t<\/div><!-- .dslc-module -->\r\n\t\t<\/div><\/div><\/div><\/div><div id=\"dslc-footer\" class=\"dslc-footer-pos-relative \" data-hf >\r\n\t\t<div  class=\"dslc-modules-section \" style=\"background-color:#685959;\" data-section-id=\"6dff8f3b1c0\">\r\n\t\t\t\t\r\n\t\t\t\t\r\n\t\t\t\t<div class=\"dslc-modules-section-wrapper dslc-clearfix\"><div class=\"dslc-modules-area dslc-col dslc-12-col dslc-last-col dslc-valign- \" data-size=\"12\" data-valign=\"\">\r\n\t\t<div id=\"dslc-module-4fda8b0982e\" class=\"dslc-module-front dslc-module-DSLC_Text_Simple dslc-in-viewport-check dslc-in-viewport-anim-none  dslc-col dslc-12-col dslc-last-col  dslc-module-handle-like-regular \" data-module-id=\"4fda8b0982e\" data-module=\"DSLC_Text_Simple\" data-dslc-module-size=\"12\" data-dslc-anim=\"none\" data-dslc-anim-delay=\"\" data-dslc-anim-duration=\"650\"  data-dslc-anim-easing=\"ease\" data-dslc-preset=\"none\" >\r\n\r\n\t\t\t\r\n\t\t\t\r\n\t\t\r\n\t\t<div class=\"dslc-text-module-content\">\r\n\t\t\t<p>Publicable Medios<\/p><p>CONTACTO<\/p>\t\t<\/div>\r\n\r\n\t\t\r\n\t\t\t\t<\/div><!-- .dslc-module -->\r\n\t\t\r\n\t\t<div id=\"dslc-module-7d4da2dbe47\" class=\"dslc-module-front dslc-module-DSLC_Social dslc-in-viewport-check dslc-in-viewport-anim-none  dslc-col dslc-12-col dslc-last-col  dslc-module-handle-like-regular \" data-module-id=\"7d4da2dbe47\" data-module=\"DSLC_Social\" data-dslc-module-size=\"12\" data-dslc-anim=\"none\" data-dslc-anim-delay=\"\" data-dslc-anim-duration=\"650\"  data-dslc-anim-easing=\"ease\" data-dslc-preset=\"none\" >\r\n\r\n\t\t\t\r\n\t\t\t\r\n\t\t\t\t\t<div class=\"dslc-social-wrap\">\r\n\r\n\t\t\t\t<ul class=\"dslc-social\">\r\n\t\t\t\t\t\t\t\t\t\t\t<li>\r\n\t\t\t\t\t\t\t\t<a class=\"dslc-social-icon\" target=\"_blank\" href=\"https:\/\/www.facebook.com\/RevistaPublicable\/\" ><span class=\"dslc-icon dslc-icon-facebook\"><\/span><\/a>\r\n\t\t\t\t\t\t\t\t\t\t\t\t\t\t\t<\/li>\r\n\t\t\t\t\t\t\t\t\t\t\t\t\t\t<li>\r\n\t\t\t\t\t\t\t\t<a class=\"dslc-social-icon\" target=\"_blank\" href=\"#\" ><span class=\"dslc-icon dslc-icon-instagram\"><\/span><\/a>\r\n\t\t\t\t\t\t\t\t\t\t\t\t\t\t\t<\/li>\r\n\t\t\t\t\t\t\t\t\t\t\t\t\t\t<li>\r\n\t\t\t\t\t\t\t\t<a class=\"dslc-social-icon\" target=\"_blank\" href=\"agenciapublicable@gmail.com\" ><span class=\"dslc-icon dslc-icon-envelope\"><\/span><\/a>\r\n\t\t\t\t\t\t\t\t\t\t\t\t\t\t\t<\/li>\r\n\t\t\t\t\t\t\t\t\t\t\t<\/ul>\r\n\r\n\t\t\t<\/div><!-- .dslc-social-wrap -->\r\n\r\n\t\t\t\r\n\t\t\t\t<\/div><!-- .dslc-module -->\r\n\t\t<\/div><\/div><\/div>\r\n\t\t<div  class=\"dslc-modules-section \" style=\"padding-bottom:31px;padding-top:31px;\" data-section-id=\"616f07272ac\">\r\n\t\t\t\t\r\n\t\t\t\t\r\n\t\t\t\t<div class=\"dslc-modules-section-wrapper dslc-clearfix\"><div class=\"dslc-modules-area dslc-col dslc-6-col dslc-first-col dslc-valign- \" data-size=\"6\" data-valign=\"\">\r\n\t\t<div id=\"dslc-module-30\" class=\"dslc-module-front dslc-module-DSLC_Text_Simple dslc-in-viewport-check dslc-in-viewport-anim-none  dslc-col dslc-12-col dslc-last-col  dslc-module-handle-like-regular \" data-module-id=\"30\" data-module=\"DSLC_Text_Simple\" data-dslc-module-size=\"12\" data-dslc-anim=\"none\" data-dslc-anim-delay=\"\" data-dslc-anim-duration=\"650\"  data-dslc-anim-easing=\"ease\" data-dslc-preset=\"none\" >\r\n\r\n\t\t\t\r\n\t\t\t\r\n\t\t\r\n\t\t<div class=\"dslc-text-module-content\">\r\n\t\t\t<p>Copyright \u00a9 2024 - Publicable Medios<\/p>\t\t<\/div>\r\n\r\n\t\t\r\n\t\t\t\t<\/div><!-- .dslc-module -->\r\n\t\t<\/div><div class=\"dslc-modules-area dslc-col dslc-6-col dslc-last-col dslc-valign- \" data-size=\"6\" data-valign=\"\"><\/div><\/div><\/div><\/div><\/div>","protected":false},"excerpt":{"rendered":"<p>PUBLICABLE MEDIOS QUIENES SOMOS APORTE A LA INFORMACI\u00d3N AGENCIA &#8211; Seleccionar -PUBLICABLE MEDIOSQUIENES SOMOSAPORTE A LA INFORMACI\u00d3NAGENCIA NUESTRO APORTE A LA INFORMACIONComo empresa 100% Valdiviana, siempre hemos querido aportar a la informaci\u00f3n de nuestra ciudad con portales web innovadores y pioneros, es as\u00ed como en el a\u00f1o 2006 subimos a la red www.terminalvaldivia.cl siendo el [&hellip;]<\/p>\n","protected":false},"author":1,"featured_media":0,"parent":0,"menu_order":0,"comment_status":"closed","ping_status":"closed","template":"","meta":{"_eb_attr":"","footnotes":""},"class_list":["post-168","page","type-page","status-publish","hentry"],"_links":{"self":[{"href":"https:\/\/publicable.cl\/index.php\/wp-json\/wp\/v2\/pages\/168","targetHints":{"allow":["GET"]}}],"collection":[{"href":"https:\/\/publicable.cl\/index.php\/wp-json\/wp\/v2\/pages"}],"about":[{"href":"https:\/\/publicable.cl\/index.php\/wp-json\/wp\/v2\/types\/page"}],"author":[{"embeddable":true,"href":"https:\/\/publicable.cl\/index.php\/wp-json\/wp\/v2\/users\/1"}],"replies":[{"embeddable":true,"href":"https:\/\/publicable.cl\/index.php\/wp-json\/wp\/v2\/comments?post=168"}],"version-history":[{"count":1,"href":"https:\/\/publicable.cl\/index.php\/wp-json\/wp\/v2\/pages\/168\/revisions"}],"predecessor-version":[{"id":169,"href":"https:\/\/publicable.cl\/index.php\/wp-json\/wp\/v2\/pages\/168\/revisions\/169"}],"wp:attachment":[{"href":"https:\/\/publicable.cl\/index.php\/wp-json\/wp\/v2\/media?parent=168"}],"curies":[{"name":"wp","href":"https:\/\/api.w.org\/{rel}","templated":true}]}}